{"id":38,"date":"2018-09-29T06:22:08","date_gmt":"2018-09-29T06:22:08","guid":{"rendered":"http:\/\/www.toothpickprocessing.com\/?page_id=38"},"modified":"2021-07-29T15:43:58","modified_gmt":"2021-07-29T07:43:58","slug":"wood-toothpick-production-line","status":"publish","type":"page","link":"https:\/\/www.toothpickprocessing.com\/pt\/toothpick-production-line\/wood-toothpick-production-line","title":{"rendered":"Linha de produ\u00e7\u00e3o de palito de madeira"},"content":{"rendered":"<div class=\"col-md-12\"><img decoding=\"async\" class=\"aligncenter\" src=\"http:\/\/www.toothpickprocessing.com\/wp-content\/uploads\/2018\/09\/mutou.jpg\" \/><\/div> <div> <h2><strong>Introdu\u00e7\u00e3o da linha de produ\u00e7\u00e3o de palitos de madeira<\/strong><\/h2> <p>Esta linha de produ\u00e7\u00e3o para fabrica\u00e7\u00e3o de palitos de madeira inclui 8 conjuntos ou 10 conjuntos. A diferen\u00e7a de produ\u00e7\u00e3o entre o palito de madeira e o palito de bambu s\u00e3o duas partes na m\u00e1quina polidora de palito e na m\u00e1quina para afiar palito e algumas pe\u00e7as sobressalentes em outras mesmas m\u00e1quinas.<\/p> <h2><strong>Processo de produ\u00e7\u00e3o <\/strong><strong>da linha de produ\u00e7\u00e3o de palito de madeira<\/strong><\/h2> <p>Linha de produ\u00e7\u00e3o para fabrica\u00e7\u00e3o de palitos de madeira Fluxo do processo: A tora \u00e9 processada antecipadamente em tarugos quadrados secos padr\u00e3o - fatiamento - puxando em filamentos (branqueamento e secagem) - corte no comprimento - moagem - afia\u00e7\u00e3o e grava\u00e7\u00e3o - embalagem.<\/p> <h2><strong>Aplicativo<\/strong><strong>lica\u00e7\u00e3o <\/strong><strong>da linha de produ\u00e7\u00e3o de palito de madeira<\/strong><\/h2> <p>A m\u00e1quina para fazer palitos de madeira pode ser feita: palito de dente, espeto de churrasco, bast\u00e3o de incenso, bast\u00e3o de cotonete, etc.<\/p> <h2><strong>Par\u00e2metro de detalhes<\/strong><strong>\u00a0<\/strong><\/h2> <div class=\"table-responsive\"> <table class=\"table table-hover table-bordered\" style=\"color: black;\"> <tbody> <tr> <td width=\"24\"><\/td> <td width=\"122\">Nome<\/td> <td width=\"97\">Modelo<\/td> <td width=\"97\">Pot\u00eancia (KW)<\/td> <td width=\"83\">Peso (kg)<\/td> <td width=\"138\">Tamanho (mm)<\/td> <\/tr> <tr> <td width=\"24\">1<\/td> <td width=\"122\"><a href=\"https:\/\/www.toothpickprocessing.com\/pt\/wood-timber-dividing-machine.html\/\">M\u00e1quina divisora \u200b\u200bde madeira<\/a><\/td> <td width=\"97\">DN-656<\/td> <td width=\"97\">6.05<\/td> <td width=\"83\">260<\/td> <td width=\"138\">1050*680*1050<\/td> <\/tr> <tr> <td width=\"24\">2<\/td> <td width=\"122\"><a href=\"https:\/\/www.toothpickprocessing.com\/pt\/wood-or-bamboo-filament-shaping-machine.html\/\">M\u00e1quina modeladora de filamento de madeira<\/a><\/td> <td width=\"97\">DN-652<\/td> <td width=\"97\">4.77<\/td> <td width=\"83\">260<\/td> <td width=\"138\">1050*680*1050<\/td> <\/tr> <tr> <td width=\"24\">3<\/td> <td width=\"122\"><a href=\"https:\/\/www.toothpickprocessing.com\/pt\/toothpick-set-size-machine.html\/\">M\u00e1quina de tamanho de conjunto de filamento de madeira<\/a><\/td> <td width=\"97\">DN-105<\/td> <td width=\"97\">0.75<\/td> <td width=\"83\">75<\/td> <td width=\"138\">800*700*900<\/td> <\/tr> <tr> <td width=\"24\">4<\/td> <td width=\"122\">M\u00e1quina de tamanho de conjunto de filamento de palito<\/td> <td width=\"97\">DN-114<\/td> <td width=\"97\">2.57<\/td> <td width=\"83\">140<\/td> <td width=\"138\">900*700*950<\/td> <\/tr> <tr> <td width=\"24\">5<\/td> <td width=\"122\"><a href=\"https:\/\/www.toothpickprocessing.com\/pt\/toothpick-polishing-machine.html\/\">M\u00e1quina de polir<\/a><\/td> <td width=\"97\">DN-80<\/td> <td width=\"97\">1.1<\/td> <td width=\"83\">110<\/td> <td width=\"138\">1050*1050*1200<\/td> <\/tr> <tr> <td width=\"24\">6<\/td> <td width=\"122\">M\u00e1quina de tamanho de palito de dente<\/td> <td width=\"97\">DN-113<\/td> <td width=\"97\">0.37<\/td> <td width=\"83\">65<\/td> <td width=\"138\">1050*900*850<\/td> <\/tr> <tr> <td width=\"24\">7<\/td> <td width=\"122\"><a href=\"http:\/\/www.toothpickprocessing.com\/pt\/tooth-pick-mincing-machine-unoccupied-or-amphibole.html\/\">Picadora de palito de dente<\/a> (desocupado ou anfib\u00f3lio)<\/td> <td width=\"97\">DN-268<\/td> <td width=\"97\">1.65<\/td> <td width=\"83\">160<\/td> <td width=\"138\">950*650*1050<\/td> <\/tr> <tr> <td width=\"24\">8<\/td> <td width=\"122\"><a href=\"https:\/\/www.toothpickprocessing.com\/pt\/sharpen-machine.html\/\">M\u00e1quina de afiar<\/a><\/td> <td width=\"97\">DN-112<\/td> <td width=\"97\">0.37<\/td> <td width=\"83\">60<\/td> <td width=\"138\">700*500*850<\/td> <\/tr> <tr> <td width=\"24\"><\/td> <td width=\"122\"><\/td> <td width=\"97\"><\/td> <td width=\"97\"><\/td> <td width=\"83\"><\/td> <td width=\"138\"><\/td> <\/tr> <\/tbody> <\/table> <\/div> <h2>Programa de produ\u00e7\u00e3o<\/h2> <div class=\"col-md-12\"><img decoding=\"async\" class=\"aligncenter\" src=\"http:\/\/www.toothpickprocessing.com\/wp-content\/uploads\/2018\/09\/wood-product-show.png\" alt=\"exposi\u00e7\u00e3o de produtos\" \/><\/div> <ol> <li>Se produzir dois palitos de madeira pontiagudos, basta substituir a m\u00e1quina de afiar duas pontas n\u00ba 7, o mesmo 8 \u00e9 um Conjunto, 8 horas de capacidade de produ\u00e7\u00e3o 800.000. Aumente tamb\u00e9m a m\u00e1quina n\u00ba 7, a produ\u00e7\u00e3o \u00e9 duplicada.<\/li> <\/ol> <ol start=\"2\"> <li>Geralmente, 1,2 milh\u00e3o de palitos de madeira com di\u00e2metro de 2,2\u00d765 mm podem ser produzidos por metro c\u00fabico de madeira. Diferente de madeira e materiais de madeira dura, cerca de 150-200 kg<\/li> <\/ol> <\/div>","protected":false},"excerpt":{"rendered":"<p class=\"translation-block\">Introduction of the wooden toothpick making production line This Wooden Toothpick Making Production Line includes 8 sets or 10 sets. The different of production between wood toothpick and bamboo toothpick is two parts in toothpick polishing machine and Toothpick sharpen machine and some spare parts in other same machines. Production process of wooden toothpick production &#8230; <a title=\"Wood Toothpick Production Line\" class=\"read-more\" href=\"https:\/\/www.toothpickprocessing.com\/pt\/toothpick-production-line\/wood-toothpick-production-line\" aria-label=\"Leia mais sobre Wood Toothpick Production Line\">Ler mais<\/a><\/p>","protected":false},"author":1,"featured_media":51,"parent":33,"menu_order":0,"comment_status":"open","ping_status":"closed","template":"","meta":{"footnotes":""},"class_list":["post-38","page","type-page","status-publish","has-post-thumbnail"],"_links":{"self":[{"href":"https:\/\/www.toothpickprocessing.com\/pt\/wp-json\/wp\/v2\/pages\/38","targetHints":{"allow":["GET"]}}],"collection":[{"href":"https:\/\/www.toothpickprocessing.com\/pt\/wp-json\/wp\/v2\/pages"}],"about":[{"href":"https:\/\/www.toothpickprocessing.com\/pt\/wp-json\/wp\/v2\/types\/page"}],"author":[{"embeddable":true,"href":"https:\/\/www.toothpickprocessing.com\/pt\/wp-json\/wp\/v2\/users\/1"}],"replies":[{"embeddable":true,"href":"https:\/\/www.toothpickprocessing.com\/pt\/wp-json\/wp\/v2\/comments?post=38"}],"version-history":[{"count":0,"href":"https:\/\/www.toothpickprocessing.com\/pt\/wp-json\/wp\/v2\/pages\/38\/revisions"}],"up":[{"embeddable":true,"href":"https:\/\/www.toothpickprocessing.com\/pt\/wp-json\/wp\/v2\/pages\/33"}],"wp:featuredmedia":[{"embeddable":true,"href":"https:\/\/www.toothpickprocessing.com\/pt\/wp-json\/wp\/v2\/media\/51"}],"wp:attachment":[{"href":"https:\/\/www.toothpickprocessing.com\/pt\/wp-json\/wp\/v2\/media?parent=38"}],"curies":[{"name":"wp","href":"https:\/\/api.w.org\/{rel}","templated":true}]}}