{"id":78,"date":"2018-09-30T03:43:51","date_gmt":"2018-09-30T03:43:51","guid":{"rendered":"http:\/\/www.toothpickprocessing.com\/?page_id=78"},"modified":"2021-07-29T15:37:29","modified_gmt":"2021-07-29T07:37:29","slug":"bbq-stick-production-line","status":"publish","type":"page","link":"https:\/\/www.toothpickprocessing.com\/fr\/toothpick-production-line\/bbq-stick-production-line","title":{"rendered":"Ligne de production de b\u00e2tons de barbecue"},"content":{"rendered":"<div class=\"col-md-12\"><img decoding=\"async\" class=\"aligncenter\" src=\"http:\/\/www.toothpickprocessing.com\/wp-content\/uploads\/2018\/09\/BBq.jpg\" \/><\/div> <p class=\"translation-block\"><strong>La Ligne de Fabrication de B\u00e2tonnets BBQ<\/strong> comprend 6 ensembles. La diff\u00e9rence de production entre les cure-dents et les b\u00e2tonnets BBQ se situe dans deux parties de la machine de polissage et de la machine \u00e0 aff\u00fbter ainsi que quelques pi\u00e8ces de rechange dans d'autres machines similaires.<\/p> <h2><strong>Processus de la ligne de traitement des b\u00e2tonnets de barbecue<\/strong><\/h2> <p class=\"translation-block\">La <strong>Ligne de Traitement des B\u00e2tonnets BBQ<\/strong> ci-dessus : bois brut pr\u00e9trait\u00e9 \u2013 ouverture \u2013 tirage en soie \u2013 blanchiment \u2013 s\u00e9chage \u2013 d\u00e9coupe \u00e0 longueur \u2013 polissage \u2013 aff\u00fbtage \u2013 emballage.<\/p> <p class=\"translation-block\">C'est une <strong>Ligne de Fabrication de B\u00e2tonnets BBQ<\/strong> avec une production de 400 000 en 8 heures et environ 200-500 kg de signes en bois sec. Il est n\u00e9cessaire d'employer 3 \u00e0 4 employ\u00e9s et d'utiliser une puissance industrielle de 380v. En ajoutant une machine n\u00b0 5, la production est de 800 000. En g\u00e9n\u00e9ral, le bois de chaque cube peut produire 2-4 mille pi\u00e8ces d'\u00e9tiquettes en bois avec des diam\u00e8tres diff\u00e9rents entre 2,5-3,0 mm et des longueurs de 150-300 mm, et environ 20-35 kilogrammes de produits finis secs.<\/p> <h2><strong>Param\u00e8tres de la ligne de traitement des b\u00e2tons de barbecue<\/strong><\/h2> <div class=\"table-responsive\"> <table class=\"table table-hover table-bordered\" style=\"color: black; height: 353px;\" width=\"406\"> <tbody> <tr> <td width=\"24\"><\/td> <td width=\"122\"><strong>Nom<\/strong><\/td> <td width=\"97\"><strong>Mod\u00e8le<\/strong><\/td> <td width=\"97\"><strong>Puissance (KW)<\/strong><\/td> <td width=\"84\"><strong>Poids (kg)<\/strong><\/td> <td width=\"136\"><strong>Taille (mm)<\/strong><\/td> <\/tr> <tr> <td width=\"24\">1<\/td> <td width=\"122\"><a href=\"https:\/\/www.toothpickprocessing.com\/fr\/bamboo-timber-dividing-machine.html\/\">Machine \u00e0 diviser le bois<\/a><\/td> <td width=\"97\">DN-656<\/td> <td width=\"97\">4.55<\/td> <td width=\"84\">320<\/td> <td width=\"136\">1050*680*1050<\/td> <\/tr> <tr> <td width=\"24\">2<\/td> <td width=\"122\">Machine de fa\u00e7onnage de filaments de bois<\/td> <td width=\"97\">DN-652<\/td> <td width=\"97\">4.95<\/td> <td width=\"84\">320<\/td> <td width=\"136\">1050*680*1050<\/td> <\/tr> <tr> <td width=\"24\">3<\/td> <td width=\"122\"><a href=\"https:\/\/www.toothpickprocessing.com\/fr\/wood-bamboo-filament-set-size-machine.html\/\">Machine de taille de jeu de filaments de bois<\/a><\/td> <td width=\"97\">DN-105<\/td> <td width=\"97\">0.75<\/td> <td width=\"84\">75<\/td> <td width=\"136\">1500*700*900<\/td> <\/tr> <tr> <td width=\"24\">4<\/td> <td width=\"122\"><a href=\"https:\/\/www.toothpickprocessing.com\/fr\/bbq-stick-polishing-machine.html\/\">Polisseuse<\/a><\/td> <td width=\"97\">DN-106<\/td> <td width=\"97\">1.50<\/td> <td width=\"84\">230<\/td> <td width=\"136\">2200*1050*850<\/td> <\/tr> <tr> <td width=\"24\">5<\/td> <td width=\"122\"><a href=\"http:\/\/www.toothpickprocessing.com\/fr\/tooth-pick-mincing-machine-unoccupied-or-amphibole.html\/\">Hachoir \u00e0 b\u00e2tonnets BBQ (inoccup\u00e9 ou amphibole)<\/a><\/td> <td width=\"97\">DN-219<\/td> <td width=\"97\">1.65<\/td> <td width=\"84\">260<\/td> <td width=\"136\">1500*850*1080<\/td> <\/tr> <tr> <td width=\"24\">6<\/td> <td width=\"122\"><a href=\"https:\/\/www.toothpickprocessing.com\/fr\/sharpen-machine.html\/\">Aff\u00fbter la machine<\/a><\/td> <td width=\"97\">DN-112<\/td> <td width=\"97\">0.55<\/td> <td width=\"84\">65<\/td> <td width=\"136\">700*500*850<\/td> <\/tr> <tr> <td width=\"24\"><\/td> <td width=\"122\"><\/td> <td width=\"97\"><\/td> <td width=\"97\"><\/td> <td width=\"84\"><\/td> <td width=\"136\"><\/td> <\/tr> <\/tbody> <\/table> <\/div> <h2><strong>Spectacle de production<\/strong><\/h2> <div class=\"row\"> <div class=\"col-md-6\"><img decoding=\"async\" class=\"aligncenter\" style=\"height: 300px;\" src=\"http:\/\/www.toothpickprocessing.com\/wp-content\/uploads\/2018\/10\/BBq.jpg\" alt=\"Ligne de production de cure-dents pour barbecue\" \/><img decoding=\"async\" class=\"aligncenter\" style=\"height: 300px;\" src=\"http:\/\/www.toothpickprocessing.com\/wp-content\/uploads\/2018\/10\/BBQ3.jpg\" alt=\"Ligne de production de cure-dents pour barbecue\" \/><\/div> <\/div>","protected":false},"excerpt":{"rendered":"<p class=\"translation-block\">BBQ Stick Making Line includes 6 sets. The different of production between toothpick and BBQ stick is two parts in polishing machine and sharpen machine and some spare parts in other same machines. Process of the BBQ stick processing line The above BBQ Stick Processing Line: pre-processed wood blanks &#8211; opening &#8211; drawing into silk &#8230; <a title=\"BBQ Stick Production Line\" class=\"read-more\" href=\"https:\/\/www.toothpickprocessing.com\/fr\/toothpick-production-line\/bbq-stick-production-line\" aria-label=\"En savoir plus sur BBQ Stick Production Line\">Lire plus<\/a><\/p>","protected":false},"author":1,"featured_media":389,"parent":33,"menu_order":0,"comment_status":"open","ping_status":"closed","template":"","meta":{"footnotes":""},"class_list":["post-78","page","type-page","status-publish","has-post-thumbnail"],"_links":{"self":[{"href":"https:\/\/www.toothpickprocessing.com\/fr\/wp-json\/wp\/v2\/pages\/78","targetHints":{"allow":["GET"]}}],"collection":[{"href":"https:\/\/www.toothpickprocessing.com\/fr\/wp-json\/wp\/v2\/pages"}],"about":[{"href":"https:\/\/www.toothpickprocessing.com\/fr\/wp-json\/wp\/v2\/types\/page"}],"author":[{"embeddable":true,"href":"https:\/\/www.toothpickprocessing.com\/fr\/wp-json\/wp\/v2\/users\/1"}],"replies":[{"embeddable":true,"href":"https:\/\/www.toothpickprocessing.com\/fr\/wp-json\/wp\/v2\/comments?post=78"}],"version-history":[{"count":0,"href":"https:\/\/www.toothpickprocessing.com\/fr\/wp-json\/wp\/v2\/pages\/78\/revisions"}],"up":[{"embeddable":true,"href":"https:\/\/www.toothpickprocessing.com\/fr\/wp-json\/wp\/v2\/pages\/33"}],"wp:featuredmedia":[{"embeddable":true,"href":"https:\/\/www.toothpickprocessing.com\/fr\/wp-json\/wp\/v2\/media\/389"}],"wp:attachment":[{"href":"https:\/\/www.toothpickprocessing.com\/fr\/wp-json\/wp\/v2\/media?parent=78"}],"curies":[{"name":"wp","href":"https:\/\/api.w.org\/{rel}","templated":true}]}}