{"id":66,"date":"2018-09-29T08:45:11","date_gmt":"2018-09-29T08:45:11","guid":{"rendered":"http:\/\/www.toothpickprocessing.com\/?page_id=66"},"modified":"2018-10-12T05:47:08","modified_gmt":"2018-10-12T05:47:08","slug":"about-us","status":"publish","type":"page","link":"https:\/\/www.toothpickprocessing.com\/fr\/about-us","title":{"rendered":"\u00c0 propos de nous"},"content":{"rendered":"<p>Construite en 2000, Zhengzhou Shuliy Machinery Co., Ltd est une entreprise bien connue qui int\u00e8gre la recherche scientifique, le d\u00e9veloppement, la conception, la fabrication et la vente dans son ensemble. Il est situ\u00e9 dans la zone de d\u00e9veloppement \u00e9conomique et technologique de Zhengzhou, qui est un centre commercial et \u00e9conomique, principalement engag\u00e9 dans l'importation et l'exportation d'\u00e9quipements m\u00e9caniques.<\/p> <p>Zhengzhou Shuliy Machinery Co., Ltd croit toujours fermement que la technologie est la principale force productive. Guid\u00e9s par un tel concept, nous avons investi beaucoup d\u2019argent dans l\u2019embauche de nombreux experts en m\u00e9canique exceptionnels en tant que consultants, nous avons donc une excellente capacit\u00e9 \u00e0 rechercher et d\u00e9velopper de nouveaux produits et \u00e0 am\u00e9liorer la qualit\u00e9 des machines traditionnelles. Au cours des derni\u00e8res ann\u00e9es, nos experts ont optimis\u00e9 et am\u00e9lior\u00e9 les machines traditionnelles, en mettant l'accent sur la praticit\u00e9 afin de rendre la conception plus humanis\u00e9e. De plus, il peut \u00eatre plus facile \u00e0 utiliser et propose diff\u00e9rents mod\u00e8les pour r\u00e9pondre aux diff\u00e9rentes demandes des clients. En outre, notre entreprise fournit non seulement \u00e0 ses clients des produits de haute qualit\u00e9, mais propose \u00e9galement des services de premi\u00e8re classe ainsi qu'un support et des solutions efficaces. Ces derni\u00e8res ann\u00e9es, nos machines sont vendues au niveau national et \u00e0 l'\u00e9tranger, notamment dans les pays arabes, en Inde, en Russie, en Mongolie, en Asie centrale, en Afrique et dans d'autres pays et r\u00e9gions, couvrant l'agriculture, les industries d'\u00e9levage, la protection de l'environnement et d'autres industries.<\/p> <p>Nous visons toujours l'excellence. Gr\u00e2ce \u00e0 une main-d'\u0153uvre bien form\u00e9e, un syst\u00e8me d'assurance qualit\u00e9 strict, une gestion optimis\u00e9e de l'ensemble du processus de production et des syst\u00e8mes de service apr\u00e8s-vente parfaits, nos produits et services sont tr\u00e8s appr\u00e9ci\u00e9s par les clients nationaux et \u00e9trangers. Bas\u00e9 sur le principe de la qualit\u00e9, de la bonne r\u00e9putation et du client d'abord, nous avons la foi de cr\u00e9er des produits de haute qualit\u00e9 parmi les industries concern\u00e9es et d'offrir d'excellentes performances depuis des lustres. Nous nous engageons grandement \u00e0 fournir des produits de qualit\u00e9 sup\u00e9rieure et un service satisfaisant \u00e0 tous. clients, et nous attendons avec impatience une coop\u00e9ration sinc\u00e8re avec eux pour un avenir radieux. Notre entreprise vise \u00e0 innover dans la pratique et \u00e0 fournir une garantie fiable de la production \u00e0 la vente.<\/p> <div class=\"col-md-12\"><img decoding=\"async\" src=\"http:\/\/www.shuliygroup.com\/wp-content\/uploads\/2018\/06\/about-us.jpg\" \/><\/div> <p>La soci\u00e9t\u00e9 fournit toutes les mati\u00e8res premi\u00e8res, formules et formations techniques gratuites aux clients afin qu'ils se sentent satisfaits quel que soit le processus d'achat ou d'utilisation. Nous proposons constamment une gamme de services aux personnes qui souhaitent d\u00e9marrer une entreprise, tout en cr\u00e9ant plus de richesse pour les clients. Influenc\u00e9s par le point de d\u00e9part \u00e9lev\u00e9, la haute qualit\u00e9 et la haute technologie, nous avons \u00e9t\u00e9 continuellement \u00e9valu\u00e9s comme l'entreprise avanc\u00e9e avec un bon cr\u00e9dit dans le contrat et un fonctionnement s\u00fbr dans la production par la province du Henan. Notre mission est de diffuser les machines chinoises dans le monde entier.<\/p>","protected":false},"excerpt":{"rendered":"<p class=\"translation-block\">Built in 2000, Zhengzhou Shuliy Machinery Co., Ltd is a well-known enterprise that integrates scientific research, development, design, manufacturing and sales as a whole. It is located in Zhengzhou Economic and Technological Development Zone,which is a commercial and economic center, mainly engaging in the import and export of mechanical equipment. Zhengzhou Shuliy Machinery Co., Ltd &#8230; <a title=\"About Us\" class=\"read-more\" href=\"https:\/\/www.toothpickprocessing.com\/fr\/about-us\" aria-label=\"En savoir plus sur About Us\">Lire plus<\/a><\/p>","protected":false},"author":1,"featured_media":0,"parent":0,"menu_order":0,"comment_status":"open","ping_status":"closed","template":"","meta":{"footnotes":""},"class_list":["post-66","page","type-page","status-publish"],"_links":{"self":[{"href":"https:\/\/www.toothpickprocessing.com\/fr\/wp-json\/wp\/v2\/pages\/66","targetHints":{"allow":["GET"]}}],"collection":[{"href":"https:\/\/www.toothpickprocessing.com\/fr\/wp-json\/wp\/v2\/pages"}],"about":[{"href":"https:\/\/www.toothpickprocessing.com\/fr\/wp-json\/wp\/v2\/types\/page"}],"author":[{"embeddable":true,"href":"https:\/\/www.toothpickprocessing.com\/fr\/wp-json\/wp\/v2\/users\/1"}],"replies":[{"embeddable":true,"href":"https:\/\/www.toothpickprocessing.com\/fr\/wp-json\/wp\/v2\/comments?post=66"}],"version-history":[{"count":0,"href":"https:\/\/www.toothpickprocessing.com\/fr\/wp-json\/wp\/v2\/pages\/66\/revisions"}],"wp:attachment":[{"href":"https:\/\/www.toothpickprocessing.com\/fr\/wp-json\/wp\/v2\/media?parent=66"}],"curies":[{"name":"wp","href":"https:\/\/api.w.org\/{rel}","templated":true}]}}