{"id":38,"date":"2018-09-29T06:22:08","date_gmt":"2018-09-29T06:22:08","guid":{"rendered":"http:\/\/www.toothpickprocessing.com\/?page_id=38"},"modified":"2021-07-29T15:43:58","modified_gmt":"2021-07-29T07:43:58","slug":"wood-toothpick-production-line","status":"publish","type":"page","link":"https:\/\/www.toothpickprocessing.com\/fr\/toothpick-production-line\/wood-toothpick-production-line","title":{"rendered":"Ligne de production de cure-dents en bois"},"content":{"rendered":"<div class=\"col-md-12\"><img decoding=\"async\" class=\"aligncenter\" src=\"http:\/\/www.toothpickprocessing.com\/wp-content\/uploads\/2018\/09\/mutou.jpg\" \/><\/div> <div> <h2><strong>Introduction de la ligne de production de fabrication de cure-dents en bois<\/strong><\/h2> <p>Cette ligne de production de fabrication de cure-dents en bois comprend 8 ensembles ou 10 ensembles. La diff\u00e9rence de production entre le cure-dent en bois et le cure-dent en bambou est constitu\u00e9e de deux parties dans la machine \u00e0 polir les cure-dents et la machine \u00e0 aff\u00fbter les cure-dents et de certaines pi\u00e8ces de rechange dans d'autres m\u00eames machines.<\/p> <h2><strong>Processus de production <\/strong><strong>de ligne de production de cure-dents en bois<\/strong><\/h2> <p>Ligne de production de fabrication de cure-dents en bois Flux de processus\u00a0: La b\u00fbche est transform\u00e9e \u00e0 l'avance en billettes carr\u00e9es s\u00e8ches standard\u00a0:\u00a0tranchage, tirage en filaments (blanchiment et s\u00e9chage), coupe \u00e0 longueur, meulage, aff\u00fbtage et gravure, emballage.<\/p> <h2><strong>Application<\/strong><strong>lication <\/strong><strong>de ligne de production de cure-dents en bois<\/strong><\/h2> <p>La machine de fabrication de cure-dents en bois peut fabriquer\u00a0:\u00a0\u00a0Cure-dents,\u00a0b\u00e2ton\u00a0de\u00a0brochette\u00a0pour\u00a0barbecue,\u00a0b\u00e2ton\u00a0d'encens,\u00a0b\u00e2ton\u00a0\u00e9couvillon\u00a0etc.<\/p> <h2><strong>Param\u00e8tre D\u00e9tails<\/strong><strong>\u00a0<\/strong><\/h2> <div class=\"table-responsive\"> <table class=\"table table-hover table-bordered\" style=\"color: black;\"> <tbody> <tr> <td width=\"24\"><\/td> <td width=\"122\">Nom<\/td> <td width=\"97\">Mod\u00e8le<\/td> <td width=\"97\">Puissance (KW)<\/td> <td width=\"83\">Poids (kg)<\/td> <td width=\"138\">Taille (mm)<\/td> <\/tr> <tr> <td width=\"24\">1<\/td> <td width=\"122\"><a href=\"https:\/\/www.toothpickprocessing.com\/fr\/wood-timber-dividing-machine.html\/\">Machine \u00e0 diviser le bois<\/a><\/td> <td width=\"97\">DN-656<\/td> <td width=\"97\">6.05<\/td> <td width=\"83\">260<\/td> <td width=\"138\">1050*680*1050<\/td> <\/tr> <tr> <td width=\"24\">2<\/td> <td width=\"122\"><a href=\"https:\/\/www.toothpickprocessing.com\/fr\/wood-or-bamboo-filament-shaping-machine.html\/\">Machine de fa\u00e7onnage de filaments de bois<\/a><\/td> <td width=\"97\">DN-652<\/td> <td width=\"97\">4.77<\/td> <td width=\"83\">260<\/td> <td width=\"138\">1050*680*1050<\/td> <\/tr> <tr> <td width=\"24\">3<\/td> <td width=\"122\"><a href=\"https:\/\/www.toothpickprocessing.com\/fr\/toothpick-set-size-machine.html\/\">Machine de taille de jeu de filaments de bois<\/a><\/td> <td width=\"97\">DN-105<\/td> <td width=\"97\">0.75<\/td> <td width=\"83\">75<\/td> <td width=\"138\">800*700*900<\/td> <\/tr> <tr> <td width=\"24\">4<\/td> <td width=\"122\">Machine de taille de jeu de filaments pour cure-dents<\/td> <td width=\"97\">DN-114<\/td> <td width=\"97\">2.57<\/td> <td width=\"83\">140<\/td> <td width=\"138\">900*700*950<\/td> <\/tr> <tr> <td width=\"24\">5<\/td> <td width=\"122\"><a href=\"https:\/\/www.toothpickprocessing.com\/fr\/toothpick-polishing-machine.html\/\">Polisseuse<\/a><\/td> <td width=\"97\">DN-80<\/td> <td width=\"97\">1.1<\/td> <td width=\"83\">110<\/td> <td width=\"138\">1050*1050*1200<\/td> <\/tr> <tr> <td width=\"24\">6<\/td> <td width=\"122\">Machine de taille de jeu de cure-dents<\/td> <td width=\"97\">DN-113<\/td> <td width=\"97\">0.37<\/td> <td width=\"83\">65<\/td> <td width=\"138\">1050*900*850<\/td> <\/tr> <tr> <td width=\"24\">7<\/td> <td width=\"122\"><a href=\"http:\/\/www.toothpickprocessing.com\/fr\/tooth-pick-mincing-machine-unoccupied-or-amphibole.html\/\">Machine \u00e0 hacher les cure-dents<\/a> (inoccup\u00e9 ou amphibole)<\/td> <td width=\"97\">DN-268<\/td> <td width=\"97\">1.65<\/td> <td width=\"83\">160<\/td> <td width=\"138\">950*650*1050<\/td> <\/tr> <tr> <td width=\"24\">8<\/td> <td width=\"122\"><a href=\"https:\/\/www.toothpickprocessing.com\/fr\/sharpen-machine.html\/\">Aff\u00fbter la machine<\/a><\/td> <td width=\"97\">DN-112<\/td> <td width=\"97\">0.37<\/td> <td width=\"83\">60<\/td> <td width=\"138\">700*500*850<\/td> <\/tr> <tr> <td width=\"24\"><\/td> <td width=\"122\"><\/td> <td width=\"97\"><\/td> <td width=\"97\"><\/td> <td width=\"83\"><\/td> <td width=\"138\"><\/td> <\/tr> <\/tbody> <\/table> <\/div> <h2>Spectacle de production<\/h2> <div class=\"col-md-12\"><img decoding=\"async\" class=\"aligncenter\" src=\"http:\/\/www.toothpickprocessing.com\/wp-content\/uploads\/2018\/09\/wood-product-show.png\" alt=\"exposition de produits\" \/><\/div> <ol> <li>Si vous produisez deux cure-dents en bois pointus, il suffit de remplacer la machine \u00e0 aff\u00fbter \u00e0 deux pointes n\u00b07, le m\u00eame 8 est un ensemble, capacit\u00e9 de production de 8 heures 800 000. Augmentez \u00e9galement la machine n\u00b07, le rendement est doubl\u00e9.<\/li> <\/ol> <ol start=\"2\"> <li>En g\u00e9n\u00e9ral, 1,2 million de cure-dents en bois d'un diam\u00e8tre de 2,2 \u00d7 65 mm peuvent \u00eatre produits par m\u00e8tre cube de bois. Diff\u00e9rent du bois et des mat\u00e9riaux en bois dur, environ 150 \u00e0 200 kg<\/li> <\/ol> <\/div>","protected":false},"excerpt":{"rendered":"<p class=\"translation-block\">Introduction of the wooden toothpick making production line This Wooden Toothpick Making Production Line includes 8 sets or 10 sets. The different of production between wood toothpick and bamboo toothpick is two parts in toothpick polishing machine and Toothpick sharpen machine and some spare parts in other same machines. Production process of wooden toothpick production &#8230; <a title=\"Wood Toothpick Production Line\" class=\"read-more\" href=\"https:\/\/www.toothpickprocessing.com\/fr\/toothpick-production-line\/wood-toothpick-production-line\" aria-label=\"En savoir plus sur Wood Toothpick Production Line\">Lire plus<\/a><\/p>","protected":false},"author":1,"featured_media":51,"parent":33,"menu_order":0,"comment_status":"open","ping_status":"closed","template":"","meta":{"footnotes":""},"class_list":["post-38","page","type-page","status-publish","has-post-thumbnail"],"_links":{"self":[{"href":"https:\/\/www.toothpickprocessing.com\/fr\/wp-json\/wp\/v2\/pages\/38","targetHints":{"allow":["GET"]}}],"collection":[{"href":"https:\/\/www.toothpickprocessing.com\/fr\/wp-json\/wp\/v2\/pages"}],"about":[{"href":"https:\/\/www.toothpickprocessing.com\/fr\/wp-json\/wp\/v2\/types\/page"}],"author":[{"embeddable":true,"href":"https:\/\/www.toothpickprocessing.com\/fr\/wp-json\/wp\/v2\/users\/1"}],"replies":[{"embeddable":true,"href":"https:\/\/www.toothpickprocessing.com\/fr\/wp-json\/wp\/v2\/comments?post=38"}],"version-history":[{"count":0,"href":"https:\/\/www.toothpickprocessing.com\/fr\/wp-json\/wp\/v2\/pages\/38\/revisions"}],"up":[{"embeddable":true,"href":"https:\/\/www.toothpickprocessing.com\/fr\/wp-json\/wp\/v2\/pages\/33"}],"wp:featuredmedia":[{"embeddable":true,"href":"https:\/\/www.toothpickprocessing.com\/fr\/wp-json\/wp\/v2\/media\/51"}],"wp:attachment":[{"href":"https:\/\/www.toothpickprocessing.com\/fr\/wp-json\/wp\/v2\/media?parent=38"}],"curies":[{"name":"wp","href":"https:\/\/api.w.org\/{rel}","templated":true}]}}