{"id":78,"date":"2018-09-30T03:43:51","date_gmt":"2018-09-30T03:43:51","guid":{"rendered":"http:\/\/www.toothpickprocessing.com\/?page_id=78"},"modified":"2021-07-29T15:37:29","modified_gmt":"2021-07-29T07:37:29","slug":"bbq-stick-production-line","status":"publish","type":"page","link":"https:\/\/www.toothpickprocessing.com\/es\/toothpick-production-line\/bbq-stick-production-line","title":{"rendered":"L\u00ednea de producci\u00f3n de palitos de barbacoa"},"content":{"rendered":"<div class=\"col-md-12\"><img decoding=\"async\" class=\"aligncenter\" src=\"http:\/\/www.toothpickprocessing.com\/wp-content\/uploads\/2018\/09\/BBq.jpg\" \/><\/div> <p class=\"translation-block\"><strong>L\u00ednea de Fabricaci\u00f3n de Palillos BBQ<\/strong> incluye 6 conjuntos. La diferencia de producci\u00f3n entre palillo de dientes y palillo BBQ est\u00e1 en dos partes de la m\u00e1quina de pulido y la m\u00e1quina de afilado y algunas piezas de repuesto en otras m\u00e1quinas similares.<\/p> <h2><strong>Proceso de la l\u00ednea de procesamiento de palitos para barbacoa.<\/strong><\/h2> <p class=\"translation-block\">La anterior <strong>L\u00ednea de Procesamiento de Palillos BBQ<\/strong>: madera en bruto preprocesada \u2013 apertura \u2013 estirado en seda \u2013 blanqueo \u2013 secado \u2013 corte a medida \u2013 pulido \u2013 afilado \u2013 empaquetado.<\/p> <p class=\"translation-block\">Es una <strong>L\u00ednea de Fabricaci\u00f3n de Palillos BBQ<\/strong> con una producci\u00f3n de 400,000 en 8 horas y aproximadamente 200-500 kg en se\u00f1al de madera seca. Es necesario operar con 3 a 4 empleados y utilizar energ\u00eda industrial de 380v. A\u00f1adiendo una m\u00e1quina No. 5, la producci\u00f3n es de 800,000. Generalmente, la madera de cada cubo puede producir de 2 a 4 mil piezas de etiquetas de madera con diferentes di\u00e1metros entre 2.5-3.0mm y longitudes de 150-300mm, y aproximadamente 20-35 kilogramos de productos terminados secos.<\/p> <h2><strong>Par\u00e1metros de la l\u00ednea de procesamiento de palitos para barbacoa.<\/strong><\/h2> <div class=\"table-responsive\"> <table class=\"table table-hover table-bordered\" style=\"color: black; height: 353px;\" width=\"406\"> <tbody> <tr> <td width=\"24\"><\/td> <td width=\"122\"><strong>Nombre<\/strong><\/td> <td width=\"97\"><strong>Modelo<\/strong><\/td> <td width=\"97\"><strong>Potencia (kilovatios)<\/strong><\/td> <td width=\"84\"><strong>Peso (kilogramos)<\/strong><\/td> <td width=\"136\"><strong>Tama\u00f1o (mm)<\/strong><\/td> <\/tr> <tr> <td width=\"24\">1<\/td> <td width=\"122\"><a href=\"https:\/\/www.toothpickprocessing.com\/es\/bamboo-timber-dividing-machine.html\/\">M\u00e1quina divisoria de madera<\/a><\/td> <td width=\"97\">DN-656<\/td> <td width=\"97\">4.55<\/td> <td width=\"84\">320<\/td> <td width=\"136\">1050*680*1050<\/td> <\/tr> <tr> <td width=\"24\">2<\/td> <td width=\"122\">M\u00e1quina formadora de filamentos de madera<\/td> <td width=\"97\">DN-652<\/td> <td width=\"97\">4.95<\/td> <td width=\"84\">320<\/td> <td width=\"136\">1050*680*1050<\/td> <\/tr> <tr> <td width=\"24\">3<\/td> <td width=\"122\"><a href=\"https:\/\/www.toothpickprocessing.com\/es\/wood-bamboo-filament-set-size-machine.html\/\">M\u00e1quina de tama\u00f1o de juego de filamentos de madera<\/a><\/td> <td width=\"97\">DN-105<\/td> <td width=\"97\">0.75<\/td> <td width=\"84\">75<\/td> <td width=\"136\">1500*700*900<\/td> <\/tr> <tr> <td width=\"24\">4<\/td> <td width=\"122\"><a href=\"https:\/\/www.toothpickprocessing.com\/es\/bbq-stick-polishing-machine.html\/\">Pulidora<\/a><\/td> <td width=\"97\">DN-106<\/td> <td width=\"97\">1.50<\/td> <td width=\"84\">230<\/td> <td width=\"136\">2200*1050*850<\/td> <\/tr> <tr> <td width=\"24\">5<\/td> <td width=\"122\"><a href=\"http:\/\/www.toothpickprocessing.com\/es\/tooth-pick-mincing-machine-unoccupied-or-amphibole.html\/\">M\u00e1quina picadora de palitos BBQ (desocupada o anf\u00edbol)<\/a><\/td> <td width=\"97\">DN-219<\/td> <td width=\"97\">1.65<\/td> <td width=\"84\">260<\/td> <td width=\"136\">1500*850*1080<\/td> <\/tr> <tr> <td width=\"24\">6<\/td> <td width=\"122\"><a href=\"https:\/\/www.toothpickprocessing.com\/es\/sharpen-machine.html\/\">M\u00e1quina de afilar<\/a><\/td> <td width=\"97\">DN-112<\/td> <td width=\"97\">0.55<\/td> <td width=\"84\">65<\/td> <td width=\"136\">700*500*850<\/td> <\/tr> <tr> <td width=\"24\"><\/td> <td width=\"122\"><\/td> <td width=\"97\"><\/td> <td width=\"97\"><\/td> <td width=\"84\"><\/td> <td width=\"136\"><\/td> <\/tr> <\/tbody> <\/table> <\/div> <h2><strong>espect\u00e1culo de producci\u00f3n<\/strong><\/h2> <div class=\"row\"> <div class=\"col-md-6\"><img decoding=\"async\" class=\"aligncenter\" style=\"height: 300px;\" src=\"http:\/\/www.toothpickprocessing.com\/wp-content\/uploads\/2018\/10\/BBq.jpg\" alt=\"L\u00ednea de producci\u00f3n de palillos para barbacoa\" \/><img decoding=\"async\" class=\"aligncenter\" style=\"height: 300px;\" src=\"http:\/\/www.toothpickprocessing.com\/wp-content\/uploads\/2018\/10\/BBQ3.jpg\" alt=\"L\u00ednea de producci\u00f3n de palillos para barbacoa\" \/><\/div> <\/div>","protected":false},"excerpt":{"rendered":"<p class=\"translation-block\">BBQ Stick Making Line includes 6 sets. The different of production between toothpick and BBQ stick is two parts in polishing machine and sharpen machine and some spare parts in other same machines. Process of the BBQ stick processing line The above BBQ Stick Processing Line: pre-processed wood blanks &#8211; opening &#8211; drawing into silk &#8230; <a title=\"BBQ Stick Production Line\" class=\"read-more\" href=\"https:\/\/www.toothpickprocessing.com\/es\/toothpick-production-line\/bbq-stick-production-line\" aria-label=\"Leer m\u00e1s sobre BBQ Stick Production Line\">Leer m\u00e1s<\/a><\/p>","protected":false},"author":1,"featured_media":389,"parent":33,"menu_order":0,"comment_status":"open","ping_status":"closed","template":"","meta":{"footnotes":""},"class_list":["post-78","page","type-page","status-publish","has-post-thumbnail"],"_links":{"self":[{"href":"https:\/\/www.toothpickprocessing.com\/es\/wp-json\/wp\/v2\/pages\/78","targetHints":{"allow":["GET"]}}],"collection":[{"href":"https:\/\/www.toothpickprocessing.com\/es\/wp-json\/wp\/v2\/pages"}],"about":[{"href":"https:\/\/www.toothpickprocessing.com\/es\/wp-json\/wp\/v2\/types\/page"}],"author":[{"embeddable":true,"href":"https:\/\/www.toothpickprocessing.com\/es\/wp-json\/wp\/v2\/users\/1"}],"replies":[{"embeddable":true,"href":"https:\/\/www.toothpickprocessing.com\/es\/wp-json\/wp\/v2\/comments?post=78"}],"version-history":[{"count":0,"href":"https:\/\/www.toothpickprocessing.com\/es\/wp-json\/wp\/v2\/pages\/78\/revisions"}],"up":[{"embeddable":true,"href":"https:\/\/www.toothpickprocessing.com\/es\/wp-json\/wp\/v2\/pages\/33"}],"wp:featuredmedia":[{"embeddable":true,"href":"https:\/\/www.toothpickprocessing.com\/es\/wp-json\/wp\/v2\/media\/389"}],"wp:attachment":[{"href":"https:\/\/www.toothpickprocessing.com\/es\/wp-json\/wp\/v2\/media?parent=78"}],"curies":[{"name":"wp","href":"https:\/\/api.w.org\/{rel}","templated":true}]}}