{"id":66,"date":"2018-09-29T08:45:11","date_gmt":"2018-09-29T08:45:11","guid":{"rendered":"http:\/\/www.toothpickprocessing.com\/?page_id=66"},"modified":"2018-10-12T05:47:08","modified_gmt":"2018-10-12T05:47:08","slug":"about-us","status":"publish","type":"page","link":"https:\/\/www.toothpickprocessing.com\/es\/about-us","title":{"rendered":"Sobre nosotros"},"content":{"rendered":"<p>Construida en 2000, Zhengzhou Shuliy Machinery Co., Ltd es una empresa reconocida que integra investigaci\u00f3n cient\u00edfica, desarrollo, dise\u00f1o, fabricaci\u00f3n y ventas en su conjunto. Est\u00e1 ubicada en la Zona de Desarrollo Econ\u00f3mico y Tecnol\u00f3gico de Zhengzhou, que es un centro comercial y econ\u00f3mico que se dedica principalmente a la importaci\u00f3n y exportaci\u00f3n de equipos mec\u00e1nicos.<\/p> <p>Zhengzhou Shuliy Machinery Co., Ltd siempre cree firmemente que la tecnolog\u00eda es la fuerza principalmente productiva. Guiados por este concepto, hemos invertido mucho en contratar a muchos destacados expertos mec\u00e1nicos como nuestros consultores, por lo que tenemos una excelente capacidad para investigar y desarrollar nuevos productos y mejorar la calidad de la maquinaria tradicional. En los \u00faltimos a\u00f1os, nuestros expertos han optimizado y mejorado las m\u00e1quinas tradicionales, centr\u00e1ndose en la practicidad para humanizar el dise\u00f1o. Adem\u00e1s, puede ser m\u00e1s f\u00e1cil de operar y tiene varios modelos para satisfacer las diferentes demandas de los clientes. Adem\u00e1s, nuestra empresa no solo ofrece a los clientes productos de alta calidad, sino que tambi\u00e9n ofrece servicios de primera clase, as\u00ed como soporte y soluciones eficaces. En los \u00faltimos a\u00f1os, nuestras m\u00e1quinas se venden a nivel nacional y en el extranjero, como pa\u00edses \u00e1rabes, India, Rusia, Mongolia, Asia Central, \u00c1frica y otros pa\u00edses y regiones, abarcando agricultura, industrias de cr\u00eda, protecci\u00f3n ambiental y otras industrias.<\/p> <p>Siempre nos esforzamos por alcanzar la excelencia. Gracias a una fuerza laboral bien capacitada, un estricto sistema de garant\u00eda de calidad, una gesti\u00f3n optimizada de todo el proceso de producci\u00f3n y unos sistemas de servicio postventa perfectos, nuestros productos y servicios son muy elogiados por clientes nacionales y extranjeros. Bas\u00e1ndonos en el principio de orientaci\u00f3n a la calidad, buena reputaci\u00f3n y atenci\u00f3n al cliente primero, tenemos la fe en crear productos de alta calidad entre las industrias relevantes y lograr un excelente rendimiento durante a\u00f1os. Estamos muy dedicados a brindar productos de primera calidad y un servicio satisfecho a todos. Clientes y esperamos una cooperaci\u00f3n sincera con ellos para un futuro brillante. Nuestra empresa tiene como objetivo innovar en la pr\u00e1ctica y proporcionar una garant\u00eda confiable desde la producci\u00f3n hasta la venta.<\/p> <div class=\"col-md-12\"><img decoding=\"async\" src=\"http:\/\/www.shuliygroup.com\/wp-content\/uploads\/2018\/06\/about-us.jpg\" \/><\/div> <p>La empresa proporciona todas las materias primas, f\u00f3rmulas y capacitaci\u00f3n t\u00e9cnica gratuita a los clientes para que se sientan satisfechos en cualquier proceso de compra o uso. Ofrecemos constantemente una gama de servicios para las personas que desean iniciar un negocio y, al mismo tiempo, crear m\u00e1s riqueza para los clientes. Influenciados por el alto punto de partida, la alta calidad y la alta tecnolog\u00eda, la provincia de Henan nos ha calificado continuamente como la empresa avanzada con buen cr\u00e9dito en contratos y operaci\u00f3n segura en producci\u00f3n. Nuestra misi\u00f3n es hacer que las m\u00e1quinas chinas se extiendan por todo el mundo.<\/p>","protected":false},"excerpt":{"rendered":"<p class=\"translation-block\">Built in 2000, Zhengzhou Shuliy Machinery Co., Ltd is a well-known enterprise that integrates scientific research, development, design, manufacturing and sales as a whole. It is located in Zhengzhou Economic and Technological Development Zone,which is a commercial and economic center, mainly engaging in the import and export of mechanical equipment. Zhengzhou Shuliy Machinery Co., Ltd &#8230; <a title=\"About Us\" class=\"read-more\" href=\"https:\/\/www.toothpickprocessing.com\/es\/about-us\" aria-label=\"Leer m\u00e1s sobre About Us\">Leer m\u00e1s<\/a><\/p>","protected":false},"author":1,"featured_media":0,"parent":0,"menu_order":0,"comment_status":"open","ping_status":"closed","template":"","meta":{"footnotes":""},"class_list":["post-66","page","type-page","status-publish"],"_links":{"self":[{"href":"https:\/\/www.toothpickprocessing.com\/es\/wp-json\/wp\/v2\/pages\/66","targetHints":{"allow":["GET"]}}],"collection":[{"href":"https:\/\/www.toothpickprocessing.com\/es\/wp-json\/wp\/v2\/pages"}],"about":[{"href":"https:\/\/www.toothpickprocessing.com\/es\/wp-json\/wp\/v2\/types\/page"}],"author":[{"embeddable":true,"href":"https:\/\/www.toothpickprocessing.com\/es\/wp-json\/wp\/v2\/users\/1"}],"replies":[{"embeddable":true,"href":"https:\/\/www.toothpickprocessing.com\/es\/wp-json\/wp\/v2\/comments?post=66"}],"version-history":[{"count":0,"href":"https:\/\/www.toothpickprocessing.com\/es\/wp-json\/wp\/v2\/pages\/66\/revisions"}],"wp:attachment":[{"href":"https:\/\/www.toothpickprocessing.com\/es\/wp-json\/wp\/v2\/media?parent=66"}],"curies":[{"name":"wp","href":"https:\/\/api.w.org\/{rel}","templated":true}]}}