{"id":38,"date":"2018-09-29T06:22:08","date_gmt":"2018-09-29T06:22:08","guid":{"rendered":"http:\/\/www.toothpickprocessing.com\/?page_id=38"},"modified":"2021-07-29T15:43:58","modified_gmt":"2021-07-29T07:43:58","slug":"wood-toothpick-production-line","status":"publish","type":"page","link":"https:\/\/www.toothpickprocessing.com\/es\/toothpick-production-line\/wood-toothpick-production-line","title":{"rendered":"L\u00ednea de producci\u00f3n de palillos de dientes de madera"},"content":{"rendered":"<div class=\"col-md-12\"><img decoding=\"async\" class=\"aligncenter\" src=\"http:\/\/www.toothpickprocessing.com\/wp-content\/uploads\/2018\/09\/mutou.jpg\" \/><\/div> <div> <h2><strong>Introducci\u00f3n de la l\u00ednea de producci\u00f3n de fabricaci\u00f3n de palillos de madera.<\/strong><\/h2> <p>Esta l\u00ednea de producci\u00f3n para fabricar palillos de dientes de madera incluye 8 o 10 juegos. La diferencia de producci\u00f3n entre palillos de madera y palillos de bamb\u00fa son dos partes en la m\u00e1quina pulidora de palillos y la m\u00e1quina afiladora de palillos y algunas piezas de repuesto en otras mismas m\u00e1quinas.<\/p> <h2><strong>Proceso de producci\u00f3n <\/strong><strong>de la l\u00ednea de producci\u00f3n de palillos de madera<\/strong><\/h2> <p>L\u00ednea de producci\u00f3n de fabricaci\u00f3n de palillos de dientes de madera Flujo del proceso: El tronco se procesa previamente en palanquillas cuadradas secas est\u00e1ndar: se corta en rodajas, se tira en filamentos (blanqueo y secado), se corta a medida, se muele, se afila y se graba, y se empaqueta.<\/p> <h2><strong>Aplicaci\u00f3n<\/strong><strong>licaci\u00f3n <\/strong><strong>de la l\u00ednea de producci\u00f3n de palillos de madera<\/strong><\/h2> <p>La m\u00e1quina para fabricar palillos de dientes de madera puede fabricar: palillos de dientes, palitos para brochetas de barbacoa, palitos de incienso, bastoncillos, etc.<\/p> <h2><strong>Par\u00e1metro de detalles<\/strong><strong>\u00a0<\/strong><\/h2> <div class=\"table-responsive\"> <table class=\"table table-hover table-bordered\" style=\"color: black;\"> <tbody> <tr> <td width=\"24\"><\/td> <td width=\"122\">Nombre<\/td> <td width=\"97\">Modelo<\/td> <td width=\"97\">Potencia (kilovatios)<\/td> <td width=\"83\">Peso (kilogramos)<\/td> <td width=\"138\">Tama\u00f1o (mm)<\/td> <\/tr> <tr> <td width=\"24\">1<\/td> <td width=\"122\"><a href=\"https:\/\/www.toothpickprocessing.com\/es\/wood-timber-dividing-machine.html\/\">M\u00e1quina divisoria de madera<\/a><\/td> <td width=\"97\">DN-656<\/td> <td width=\"97\">6.05<\/td> <td width=\"83\">260<\/td> <td width=\"138\">1050*680*1050<\/td> <\/tr> <tr> <td width=\"24\">2<\/td> <td width=\"122\"><a href=\"https:\/\/www.toothpickprocessing.com\/es\/wood-or-bamboo-filament-shaping-machine.html\/\">M\u00e1quina formadora de filamentos de madera<\/a><\/td> <td width=\"97\">DN-652<\/td> <td width=\"97\">4.77<\/td> <td width=\"83\">260<\/td> <td width=\"138\">1050*680*1050<\/td> <\/tr> <tr> <td width=\"24\">3<\/td> <td width=\"122\"><a href=\"https:\/\/www.toothpickprocessing.com\/es\/toothpick-set-size-machine.html\/\">M\u00e1quina de tama\u00f1o de juego de filamentos de madera<\/a><\/td> <td width=\"97\">DN-105<\/td> <td width=\"97\">0.75<\/td> <td width=\"83\">75<\/td> <td width=\"138\">800*700*900<\/td> <\/tr> <tr> <td width=\"24\">4<\/td> <td width=\"122\">M\u00e1quina de tama\u00f1o de juego de filamentos para palillos de dientes<\/td> <td width=\"97\">DN-114<\/td> <td width=\"97\">2.57<\/td> <td width=\"83\">140<\/td> <td width=\"138\">900*700*950<\/td> <\/tr> <tr> <td width=\"24\">5<\/td> <td width=\"122\"><a href=\"https:\/\/www.toothpickprocessing.com\/es\/toothpick-polishing-machine.html\/\">Pulidora<\/a><\/td> <td width=\"97\">DN-80<\/td> <td width=\"97\">1.1<\/td> <td width=\"83\">110<\/td> <td width=\"138\">1050*1050*1200<\/td> <\/tr> <tr> <td width=\"24\">6<\/td> <td width=\"122\">M\u00e1quina del tama\u00f1o de un juego de palillos de dientes<\/td> <td width=\"97\">DN-113<\/td> <td width=\"97\">0.37<\/td> <td width=\"83\">65<\/td> <td width=\"138\">1050*900*850<\/td> <\/tr> <tr> <td width=\"24\">7<\/td> <td width=\"122\"><a href=\"http:\/\/www.toothpickprocessing.com\/es\/tooth-pick-mincing-machine-unoccupied-or-amphibole.html\/\">M\u00e1quina picadora de palillos de dientes<\/a> (desocupado o anf\u00edbol)<\/td> <td width=\"97\">DN-268<\/td> <td width=\"97\">1.65<\/td> <td width=\"83\">160<\/td> <td width=\"138\">950*650*1050<\/td> <\/tr> <tr> <td width=\"24\">8<\/td> <td width=\"122\"><a href=\"https:\/\/www.toothpickprocessing.com\/es\/sharpen-machine.html\/\">M\u00e1quina de afilar<\/a><\/td> <td width=\"97\">DN-112<\/td> <td width=\"97\">0.37<\/td> <td width=\"83\">60<\/td> <td width=\"138\">700*500*850<\/td> <\/tr> <tr> <td width=\"24\"><\/td> <td width=\"122\"><\/td> <td width=\"97\"><\/td> <td width=\"97\"><\/td> <td width=\"83\"><\/td> <td width=\"138\"><\/td> <\/tr> <\/tbody> <\/table> <\/div> <h2>espect\u00e1culo de producci\u00f3n<\/h2> <div class=\"col-md-12\"><img decoding=\"async\" class=\"aligncenter\" src=\"http:\/\/www.toothpickprocessing.com\/wp-content\/uploads\/2018\/09\/wood-product-show.png\" alt=\"presentacion de producto\" \/><\/div> <ol> <li>Si se producen dos palillos de madera puntiagudos, s\u00f3lo es necesario reemplazar la m\u00e1quina afiladora de dos puntas N\u00b0 7, la misma 8 es un juego, con una capacidad de producci\u00f3n de 8 horas de 800.000. Tambi\u00e9n aumente la m\u00e1quina n\u00famero 7, la producci\u00f3n se duplica.<\/li> <\/ol> <ol start=\"2\"> <li>En general, por metro c\u00fabico de madera se pueden producir 1,2 millones de palillos de madera con un di\u00e1metro de 2,2\u00d765 mm. A diferencia de la madera y los materiales de madera dura, alrededor de 150-200 kg<\/li> <\/ol> <\/div>","protected":false},"excerpt":{"rendered":"<p class=\"translation-block\">Introduction of the wooden toothpick making production line This Wooden Toothpick Making Production Line includes 8 sets or 10 sets. The different of production between wood toothpick and bamboo toothpick is two parts in toothpick polishing machine and Toothpick sharpen machine and some spare parts in other same machines. Production process of wooden toothpick production &#8230; <a title=\"Wood Toothpick Production Line\" class=\"read-more\" href=\"https:\/\/www.toothpickprocessing.com\/es\/toothpick-production-line\/wood-toothpick-production-line\" aria-label=\"Leer m\u00e1s sobre Wood Toothpick Production Line\">Leer m\u00e1s<\/a><\/p>","protected":false},"author":1,"featured_media":51,"parent":33,"menu_order":0,"comment_status":"open","ping_status":"closed","template":"","meta":{"footnotes":""},"class_list":["post-38","page","type-page","status-publish","has-post-thumbnail"],"_links":{"self":[{"href":"https:\/\/www.toothpickprocessing.com\/es\/wp-json\/wp\/v2\/pages\/38","targetHints":{"allow":["GET"]}}],"collection":[{"href":"https:\/\/www.toothpickprocessing.com\/es\/wp-json\/wp\/v2\/pages"}],"about":[{"href":"https:\/\/www.toothpickprocessing.com\/es\/wp-json\/wp\/v2\/types\/page"}],"author":[{"embeddable":true,"href":"https:\/\/www.toothpickprocessing.com\/es\/wp-json\/wp\/v2\/users\/1"}],"replies":[{"embeddable":true,"href":"https:\/\/www.toothpickprocessing.com\/es\/wp-json\/wp\/v2\/comments?post=38"}],"version-history":[{"count":0,"href":"https:\/\/www.toothpickprocessing.com\/es\/wp-json\/wp\/v2\/pages\/38\/revisions"}],"up":[{"embeddable":true,"href":"https:\/\/www.toothpickprocessing.com\/es\/wp-json\/wp\/v2\/pages\/33"}],"wp:featuredmedia":[{"embeddable":true,"href":"https:\/\/www.toothpickprocessing.com\/es\/wp-json\/wp\/v2\/media\/51"}],"wp:attachment":[{"href":"https:\/\/www.toothpickprocessing.com\/es\/wp-json\/wp\/v2\/media?parent=38"}],"curies":[{"name":"wp","href":"https:\/\/api.w.org\/{rel}","templated":true}]}}