{"id":36,"date":"2018-09-29T06:21:43","date_gmt":"2018-09-29T06:21:43","guid":{"rendered":"http:\/\/www.toothpickprocessing.com\/?page_id=36"},"modified":"2021-07-29T15:43:51","modified_gmt":"2021-07-29T07:43:51","slug":"bamboo-toothpick-production-line","status":"publish","type":"page","link":"https:\/\/www.toothpickprocessing.com\/es\/toothpick-production-line\/bamboo-toothpick-production-line","title":{"rendered":"L\u00ednea de producci\u00f3n de palillos de dientes de bamb\u00fa"},"content":{"rendered":"<div class=\"col-md-12\"><img decoding=\"async\" class=\"aligncenter\" src=\"http:\/\/www.toothpickprocessing.com\/wp-content\/uploads\/2018\/09\/zhuzi.jpg\" alt=\"L\u00ednea de producci\u00f3n de palillos de bamb\u00fa.\" \/><\/div> <div> <h2><strong>Introducci\u00f3n de la l\u00ednea de producci\u00f3n de palillos de dientes.<\/strong><\/h2> <p>Los 10 juegos anteriores son m\u00e1quinas para fabricar palillos de dientes de bamb\u00fa, que producen dos palillos de dientes puntiagudos, con una producci\u00f3n de aproximadamente 800.000 en 8 horas, aproximadamente 100 kg. Es necesario operar de 4 a 6 empleados, utilizando energ\u00eda industrial de 380v. Se a\u00f1adi\u00f3 una m\u00e1quina del n\u00famero 9 y la producci\u00f3n se duplic\u00f3, que fue de 1,6 millones.<\/p> <h2><strong>Proceso de producci\u00f3n <\/strong><strong>de la l\u00ednea de producci\u00f3n de palillos de dientes<\/strong><\/h2> <p>El proceso anterior de la m\u00e1quina para fabricar palillos de bamb\u00fa: bamb\u00fa original - sierra de despegue - tira de bamb\u00fa abierta - anudado apertura de ancho fijo - estirado - blanqueo - secado - corte de la regla - pulido - acabado - afilado - embalaje.<\/p> <h2><strong>Aplicaci\u00f3n de la m\u00e1quina para fabricar palillos de dientes.<\/strong><\/h2> <p>La m\u00e1quina para fabricar palillos de bamb\u00fa se puede fabricar: palillo de dientes, palito de brocheta para barbacoa, palito de incienso, palito de hisopo, etc.<\/p> <h2><strong>Par\u00e1metro de detalles<\/strong><strong>\u00a0<\/strong><\/h2> <div class=\"table-responsive\"> <table> <tbody> <tr> <td width=\"44\"><strong>NO.<\/strong><\/td> <td width=\"92\"><strong>Nombre<\/strong><\/td> <td width=\"90\"><strong>Modelo<\/strong><\/td> <td width=\"90\"><strong>Potencia (kilovatios)<\/strong><\/td> <td width=\"77\"><strong>Peso (kilogramos)<\/strong><\/td> <td width=\"128\"><strong>Tama\u00f1o (mm)<\/strong><\/td> <\/tr> <tr> <td width=\"44\">1<\/td> <td width=\"92\"><a href=\"https:\/\/www.toothpickprocessing.com\/es\/bamboo-sawing-machine.html\/\">Sierra (bamb\u00fa)<\/a><\/td> <td width=\"90\">DN-111<\/td> <td width=\"90\">1.5<\/td> <td width=\"77\">60<\/td> <td width=\"128\">750*600*1300<\/td> <\/tr> <tr> <td width=\"44\">2<\/td> <td width=\"92\"><a href=\"https:\/\/www.toothpickprocessing.com\/es\/bamboo-dissection-machine.html\/\">M\u00e1quina de disecci\u00f3n de bamb\u00fa<\/a><\/td> <td width=\"90\">DN-102<\/td> <td width=\"90\">3.0<\/td> <td width=\"77\">530<\/td> <td width=\"128\">3000*950*1200<\/td> <\/tr> <tr> <td width=\"44\">3<\/td> <td width=\"92\"><a href=\"https:\/\/www.toothpickprocessing.com\/es\/bamboo-timber-dividing-machine.html\/\">M\u00e1quina divisoria de madera<\/a><\/td> <td width=\"90\">DN-103<\/td> <td width=\"90\">3.0<\/td> <td width=\"77\">260<\/td> <td width=\"128\">1180*680*1100<\/td> <\/tr> <tr> <td width=\"44\">4<\/td> <td width=\"92\"><a href=\"https:\/\/www.toothpickprocessing.com\/es\/wood-bamboo-filament-set-size-machine.html\/\">M\u00e1quina formadora de filamentos de madera<\/a><\/td> <td width=\"90\">DN-104<\/td> <td width=\"90\">9.1<\/td> <td width=\"77\">400<\/td> <td width=\"128\">1020*690*1050<\/td> <\/tr> <tr> <td width=\"44\">5<\/td> <td width=\"92\"><a href=\"https:\/\/www.toothpickprocessing.com\/es\/wood-or-bamboo-filament-shaping-machine.html\/\">M\u00e1quina de tama\u00f1o de juego de filamentos de madera<\/a><\/td> <td width=\"90\">DN-105<\/td> <td width=\"90\">0.75<\/td> <td width=\"77\">75<\/td> <td width=\"128\">800*700*900<\/td> <\/tr> <tr> <td width=\"44\">6<\/td> <td width=\"92\">M\u00e1quina de tama\u00f1o de juego de filamentos para palillos de dientes<\/td> <td width=\"90\">DN-114<\/td> <td width=\"90\">2.57<\/td> <td width=\"77\">140<\/td> <td width=\"128\">900*700*950<\/td> <\/tr> <tr> <td width=\"44\">7<\/td> <td width=\"92\"><a href=\"https:\/\/www.toothpickprocessing.com\/es\/toothpick-polishing-machine.html\/\">Pulidora<\/a><\/td> <td width=\"90\">DN-80<\/td> <td width=\"90\">1.1<\/td> <td width=\"77\">110<\/td> <td width=\"128\">1050*1050*1200<\/td> <\/tr> <tr> <td width=\"44\">8<\/td> <td width=\"92\"><a href=\"https:\/\/www.toothpickprocessing.com\/es\/toothpick-set-size-machine-2.html\/\">M\u00e1quina del tama\u00f1o de un juego de palillos de dientes<\/a><\/td> <td width=\"90\">DN-113<\/td> <td width=\"90\">0.37<\/td> <td width=\"77\">65<\/td> <td width=\"128\">1050*900*850<\/td> <\/tr> <tr> <td width=\"44\">9<\/td> <td width=\"92\"><a href=\"http:\/\/www.toothpickprocessing.com\/es\/tooth-pick-mincing-machine-unoccupied-or-amphibole.html\/\">M\u00e1quina picadora de palillos de dientes (desocupada o anf\u00edbol)<\/a><\/td> <td width=\"90\">DN-268<\/td> <td width=\"90\">1.65<\/td> <td width=\"77\">160<\/td> <td width=\"128\">950*650*1050<\/td> <\/tr> <tr> <td width=\"44\">10<\/td> <td width=\"92\"><a href=\"https:\/\/www.toothpickprocessing.com\/es\/sharpen-machine.html\/\">M\u00e1quina de afilar<\/a><\/td> <td width=\"90\">DN-108<\/td> <td width=\"90\">0.37<\/td> <td width=\"77\">50<\/td> <td width=\"128\">450*400*870<\/td> <\/tr> <\/tbody> <\/table> <\/div> <h2><strong>espect\u00e1culo de producci\u00f3n<\/strong><\/h2> <div class=\"row\"> <div class=\"col-md-6\"><img decoding=\"async\" class=\"aligncenter\" style=\"height: 270px;\" src=\"http:\/\/www.toothpickprocessing.com\/wp-content\/uploads\/2018\/10\/Bamboo-Toothpick.jpg\" alt=\"palillo de bamb\u00fa \" \/><\/div> <div class=\"col-md-6\"><img decoding=\"async\" class=\"aligncenter\" style=\"height: 270px;\" src=\"http:\/\/www.toothpickprocessing.com\/wp-content\/uploads\/2018\/10\/Bamboo-Toothpick2.jpg\" alt=\"palillo de bamb\u00fa \" \/><\/div> <\/div> <h2><strong>Consejos de la m\u00e1quina para hacer palillos de bamb\u00fa.<\/strong><\/h2> <ol> <li>Los 10 juegos anteriores son m\u00e1quinas para fabricar palillos de dientes de bamb\u00fa, que producen dos palillos de dientes puntiagudos, con una producci\u00f3n de aproximadamente 800.000 en 8 horas, aproximadamente 100 kg. Es necesario operar de 4 a 6 empleados, utilizando energ\u00eda industrial de 380v. Se a\u00f1adi\u00f3 una m\u00e1quina del n\u00famero 9 y la producci\u00f3n se duplic\u00f3, que fue de 1,6 millones.<\/li> <li>Si el usuario desea producir un palillo de bamb\u00fa con una flor puntiaguda, entonces se puede reemplazar la m\u00e1quina n\u00famero 9 (una m\u00e1quina afiladora), y las mismas 10 m\u00e1quinas forman un solo juego. La producci\u00f3n de 8 horas es de aproximadamente 600.000 y se suma la m\u00e1quina n\u00famero 9. Una m\u00e1quina afiladora), la producci\u00f3n se duplica, es de 1,2 millones y el n\u00famero m\u00e1ximo de m\u00e1quinas afiladoras se puede aumentar al mismo tiempo.<\/li> <li>Por lo general, cada 100 kilogramos de bamb\u00fa fresco (h\u00famedo) puede producir de 10 a 130.000 palillos con un di\u00e1metro de 2,0 mm y una longitud de 65 mm, y alrededor de 13 a 16 kilogramos de palillos secos.<\/li> <li>El precio anterior es el precio de f\u00e1brica, sin impuestos, sin incluir costos de embalaje y env\u00edo. Si el cliente necesita que nuestra f\u00e1brica se encargue del embalaje y el transporte, el costo ser\u00e1 adicional.<\/li> <\/ol> <\/div>","protected":false},"excerpt":{"rendered":"<p class=\"translation-block\">Introduction of toothpick production line The above 10 sets are bamboo toothpick making machine, producing two pointed toothpicks, with an output of about 800,000 in 8 hours, about 100 kg. It is necessary to operate 4-6 employees, using industrial power 380v. One machine of No. 9 was added, and the output doubled, which was 1.6 &#8230; <a title=\"Bamboo Toothpick Production Line\" class=\"read-more\" href=\"https:\/\/www.toothpickprocessing.com\/es\/toothpick-production-line\/bamboo-toothpick-production-line\" aria-label=\"Leer m\u00e1s sobre Bamboo Toothpick Production Line\">Leer m\u00e1s<\/a><\/p>","protected":false},"author":1,"featured_media":376,"parent":33,"menu_order":0,"comment_status":"open","ping_status":"closed","template":"","meta":{"footnotes":""},"class_list":["post-36","page","type-page","status-publish","has-post-thumbnail"],"_links":{"self":[{"href":"https:\/\/www.toothpickprocessing.com\/es\/wp-json\/wp\/v2\/pages\/36","targetHints":{"allow":["GET"]}}],"collection":[{"href":"https:\/\/www.toothpickprocessing.com\/es\/wp-json\/wp\/v2\/pages"}],"about":[{"href":"https:\/\/www.toothpickprocessing.com\/es\/wp-json\/wp\/v2\/types\/page"}],"author":[{"embeddable":true,"href":"https:\/\/www.toothpickprocessing.com\/es\/wp-json\/wp\/v2\/users\/1"}],"replies":[{"embeddable":true,"href":"https:\/\/www.toothpickprocessing.com\/es\/wp-json\/wp\/v2\/comments?post=36"}],"version-history":[{"count":0,"href":"https:\/\/www.toothpickprocessing.com\/es\/wp-json\/wp\/v2\/pages\/36\/revisions"}],"up":[{"embeddable":true,"href":"https:\/\/www.toothpickprocessing.com\/es\/wp-json\/wp\/v2\/pages\/33"}],"wp:featuredmedia":[{"embeddable":true,"href":"https:\/\/www.toothpickprocessing.com\/es\/wp-json\/wp\/v2\/media\/376"}],"wp:attachment":[{"href":"https:\/\/www.toothpickprocessing.com\/es\/wp-json\/wp\/v2\/media?parent=36"}],"curies":[{"name":"wp","href":"https:\/\/api.w.org\/{rel}","templated":true}]}}