{"id":33,"date":"2018-09-29T06:19:59","date_gmt":"2018-09-29T06:19:59","guid":{"rendered":"http:\/\/www.toothpickprocessing.com\/?page_id=33"},"modified":"2018-10-18T06:12:22","modified_gmt":"2018-10-18T06:12:22","slug":"toothpick-production-line","status":"publish","type":"page","link":"https:\/\/www.toothpickprocessing.com\/es\/toothpick-production-line","title":{"rendered":"L\u00ednea de producci\u00f3n"},"content":{"rendered":"<h2 style=\"text-align: center;\"><a href=\"https:\/\/www.toothpickprocessing.com\/es\/toothpick-production-line\/bbq-stick-production-line\/\"><strong>L\u00ednea de producci\u00f3n de palitos de barbacoa<\/strong><\/a><\/h2> <div class=\"col-md-12\"><a href=\"https:\/\/www.toothpickprocessing.com\/es\/toothpick-production-line\/bbq-stick-production-line\/\"><img decoding=\"async\" src=\"http:\/\/www.toothpickprocessing.com\/wp-content\/uploads\/2018\/09\/BBq.jpg\" \/><\/a><\/div> <h2 style=\"text-align: center;\"><a href=\"https:\/\/www.toothpickprocessing.com\/es\/toothpick-production-line\/bamboo-toothpick-production-line\/\"><strong>L\u00ednea de producci\u00f3n de palillos de dientes de bamb\u00fa<\/strong><\/a><\/h2> <div class=\"col-md-12\"><a href=\"https:\/\/www.toothpickprocessing.com\/es\/toothpick-production-line\/bamboo-toothpick-production-line\/\"><img decoding=\"async\" src=\"http:\/\/www.toothpickprocessing.com\/wp-content\/uploads\/2018\/09\/zhuzi.jpg\" \/><\/a><\/div> <h2 style=\"text-align: center;\"><a href=\"https:\/\/www.toothpickprocessing.com\/es\/toothpick-production-line\/wood-toothpick-production-line\/\"><strong>L\u00ednea de producci\u00f3n de palillos de dientes de madera<\/strong><\/a><\/h2> <div class=\"col-md-12\"><a href=\"https:\/\/www.toothpickprocessing.com\/es\/toothpick-production-line\/wood-toothpick-production-line\/\"><img decoding=\"async\" src=\"http:\/\/www.toothpickprocessing.com\/wp-content\/uploads\/2018\/09\/mutou.jpg\" \/><\/a><\/div>","protected":false},"excerpt":{"rendered":"<p>L\u00ednea de producci\u00f3n de palitos para barbacoa L\u00ednea de producci\u00f3n de palillos de dientes de bamb\u00fa L\u00ednea de producci\u00f3n de palillos de dientes de madera<\/p>","protected":false},"author":1,"featured_media":0,"parent":0,"menu_order":0,"comment_status":"open","ping_status":"closed","template":"","meta":{"footnotes":""},"class_list":["post-33","page","type-page","status-publish"],"_links":{"self":[{"href":"https:\/\/www.toothpickprocessing.com\/es\/wp-json\/wp\/v2\/pages\/33","targetHints":{"allow":["GET"]}}],"collection":[{"href":"https:\/\/www.toothpickprocessing.com\/es\/wp-json\/wp\/v2\/pages"}],"about":[{"href":"https:\/\/www.toothpickprocessing.com\/es\/wp-json\/wp\/v2\/types\/page"}],"author":[{"embeddable":true,"href":"https:\/\/www.toothpickprocessing.com\/es\/wp-json\/wp\/v2\/users\/1"}],"replies":[{"embeddable":true,"href":"https:\/\/www.toothpickprocessing.com\/es\/wp-json\/wp\/v2\/comments?post=33"}],"version-history":[{"count":0,"href":"https:\/\/www.toothpickprocessing.com\/es\/wp-json\/wp\/v2\/pages\/33\/revisions"}],"wp:attachment":[{"href":"https:\/\/www.toothpickprocessing.com\/es\/wp-json\/wp\/v2\/media?parent=33"}],"curies":[{"name":"wp","href":"https:\/\/api.w.org\/{rel}","templated":true}]}}